{"id":132804,"date":"2024-03-10T19:18:21","date_gmt":"2024-03-10T18:18:21","guid":{"rendered":"https:\/\/mariegonguet.com\/?page_id=132804"},"modified":"2025-10-29T09:32:09","modified_gmt":"2025-10-29T08:32:09","slug":"about","status":"publish","type":"page","link":"https:\/\/mariegonguet.com\/index.php\/about\/","title":{"rendered":"about"},"content":{"rendered":"<section class=\"wpb-content-wrapper\"><p>[vc_row unlock_row_content=\u00a0\u00bbyes\u00a0\u00bb row_height_percent=\u00a0\u00bb100&Prime; override_padding=\u00a0\u00bbyes\u00a0\u00bb h_padding=\u00a0\u00bb7&Prime; top_padding=\u00a0\u00bb7&Prime; bottom_padding=\u00a0\u00bb7&Prime; back_image=\u00a0\u00bb132389&Prime; parallax=\u00a0\u00bbyes\u00a0\u00bb kburns=\u00a0\u00bbyes\u00a0\u00bb overlay_alpha=\u00a0\u00bb0&Prime; gutter_size=\u00a0\u00bb3&Prime; column_width_percent=\u00a0\u00bb50&Prime; shift_y=\u00a0\u00bb0&Prime; z_index=\u00a0\u00bb0&Prime; uncode_shortcode_id=\u00a0\u00bb943059&Prime;][vc_column width=\u00a0\u00bb1\/1&Prime;][uncode_slider][vc_row_inner row_inner_height_percent=\u00a0\u00bb0&Prime; force_width_grid=\u00a0\u00bbyes\u00a0\u00bb overlay_alpha=\u00a0\u00bb0&Prime; gutter_size=\u00a0\u00bb0&Prime; shift_y=\u00a0\u00bb-5&Prime; z_index=\u00a0\u00bb0&Prime; uncode_shortcode_id=\u00a0\u00bb932360&Prime;][vc_column_inner column_width_use_pixel=\u00a0\u00bbyes\u00a0\u00bb gutter_size=\u00a0\u00bb3&Prime; font_family=\u00a0\u00bbfont-136269&Prime; overlay_alpha=\u00a0\u00bb0&Prime; shift_x=\u00a0\u00bb0&Prime; shift_y=\u00a0\u00bb-3&Prime; shift_y_down=\u00a0\u00bb0&Prime; z_index=\u00a0\u00bb0&Prime; medium_width=\u00a0\u00bb0&Prime; mobile_width=\u00a0\u00bb0&Prime; width=\u00a0\u00bb1\/1&Prime; uncode_shortcode_id=\u00a0\u00bb133378&Prime; column_width_pixel=\u00a0\u00bb900&Prime;][vc_custom_heading text_color=\u00a0\u00bbaccent\u00a0\u00bb text_size=\u00a0\u00bbh6&Prime; uncode_shortcode_id=\u00a0\u00bb914940&Prime; text_color_type=\u00a0\u00bbuncode-palette\u00a0\u00bb]<span style=\"color: #ff0000;\"><b>about me<\/b><\/span><\/p>\n<p><span style=\"color: #ff0000;\"><strong>\u2e3b<\/strong><\/span>[\/vc_custom_heading][vc_column_text text_color=\u00a0\u00bbcolor-jevc\u00a0\u00bb uncode_shortcode_id=\u00a0\u00bb125832&Prime; text_color_type=\u00a0\u00bbuncode-palette\u00a0\u00bb]<\/p>\n<h5><strong><b>Apr\u00e8s un dipl\u00f4me en Identit\u00e9 visuelle et strat\u00e9gies de communication \u00e0<\/b> <span style=\"font-family: -apple-system, BlinkMacSystemFont, 'Segoe UI', Roboto, Oxygen-Sans, Ubuntu, Cantarell, 'Helvetica Neue', sans-serif; color: #ff0000;\"><a style=\"color: #ff0000;\" href=\"https:\/\/www.ensaama.net\/site\/home\/formations\/dnmade\/graphisme-identite-visuelle-et-stratgies-de-communication\">Olivier de Serres (ENSAAMA) &#8211; <\/a><\/span><span style=\"font-family: -apple-system, BlinkMacSystemFont, 'Segoe UI', Roboto, Oxygen-Sans, Ubuntu, Cantarell, 'Helvetica Neue', sans-serif;\">Paris<b>, une formation en Design et Innovation \u00e0<\/b><span style=\"font-family: -apple-system, BlinkMacSystemFont, 'Segoe UI', Roboto, Oxygen-Sans, Ubuntu, Cantarell, 'Helvetica Neue', sans-serif; color: #ff0000;\">\u00a0<\/span><span style=\"font-family: -apple-system, BlinkMacSystemFont, 'Segoe UI', Roboto, Oxygen-Sans, Ubuntu, Cantarell, 'Helvetica Neue', sans-serif; color: #ff0000;\"><a style=\"color: #ff0000;\" href=\"https:\/\/www.elisava.net\/grados\/grado-en-diseno\/\">Elisava<\/a> &#8211; <\/span><span style=\"font-family: -apple-system, BlinkMacSystemFont, 'Segoe UI', Roboto, Oxygen-Sans, Ubuntu, Cantarell, 'Helvetica Neue', sans-serif;\">Barcelone, puis un T.P.G. de design graphique &amp; motion design \u00e0<\/span><span style=\"font-family: -apple-system, BlinkMacSystemFont, 'Segoe UI', Roboto, Oxygen-Sans, Ubuntu, Cantarell, 'Helvetica Neue', sans-serif;\">\u00a0<\/span><span style=\"font-family: -apple-system, BlinkMacSystemFont, 'Segoe UI', Roboto, Oxygen-Sans, Ubuntu, Cantarell, 'Helvetica Neue', sans-serif; color: #ff0000;\"><a style=\"color: #ff0000;\" href=\"https:\/\/www.gobelins.fr\/\">Gobelins &#8211; <\/a><\/span><span style=\"font-family: -apple-system, BlinkMacSystemFont, 'Segoe UI', Roboto, Oxygen-Sans, Ubuntu, Cantarell, 'Helvetica Neue', sans-serif;\">Paris, <\/span>je suis directrice artistique ind\u00e9pendante \u00e0 Paris depuis 2011.<span class=\"Apple-converted-space\">\u00a0<\/span><\/span><\/strong><\/h5>\n<h5 class=\"p1\"><b>Ce cursus complet m\u2019offre l\u2019opportunit\u00e9 de pouvoir travailler avec des clients aux profils diff\u00e9rents, sur des sujets vari\u00e9s, ce qui me permet de proposer une approche globale des enjeux de communication tout en r\u00e9pondant sp\u00e9cifiquement aux besoins de chacun.\u00a0<\/b><\/h5>\n<h5 class=\"p1\"><b>Forte de diverses exp\u00e9riences je suis tout autant capable de m\u2019int\u00e9grer au sein d\u2019une \u00e9quipe pour mettre ma cr\u00e9ativit\u00e9 au service du groupe que de mener \u00e0 bien une mission en toute autonomie, gr\u00e2ce \u00e0 mon r\u00e9seau de prestataires de confiance.<\/b><\/h5>\n<h5 class=\"p1\"><b>Toujours curieuse de rencontrer des nouvelles personnalit\u00e9s, d\u2019\u00e9changer sur les outils et les m\u00e9thodes ou de discuter du travail de l\u2019image dans son ensemble, je serais ravie de pouvoir \u00e9changer avec vous, n\u2019h\u00e9sitez pas \u00e0 me contacter !<\/b><\/h5>\n<p>[\/vc_column_text][vc_empty_space][vc_icon position=\u00a0\u00bbright\u00a0\u00bb display=\u00a0\u00bbinline\u00a0\u00bb icon=\u00a0\u00bbfa fa-instagram\u00a0\u00bb icon_color=\u00a0\u00bbaccent\u00a0\u00bb background_style=\u00a0\u00bbfa-rounded\u00a0\u00bb link=\u00a0\u00bburl:https%3A%2F%2Fwww.instagram.com%2Fmariegonguet%2F|target:_blank\u00a0\u00bb uncode_shortcode_id=\u00a0\u00bb209242&Prime; icon_color_type=\u00a0\u00bbuncode-palette\u00a0\u00bb][\/vc_icon][vc_icon position=\u00a0\u00bbleft\u00a0\u00bb display=\u00a0\u00bbinline\u00a0\u00bb icon=\u00a0\u00bbfa fa-linkedin\u00a0\u00bb icon_color=\u00a0\u00bbaccent\u00a0\u00bb background_style=\u00a0\u00bbfa-rounded\u00a0\u00bb link=\u00a0\u00bburl:https%3A%2F%2Fwww.linkedin.com%2Fin%2Fmarie-gonguet-54210266%2F|target:_blank\u00a0\u00bb uncode_shortcode_id=\u00a0\u00bb516415&Prime; icon_color_type=\u00a0\u00bbuncode-palette\u00a0\u00bb][\/vc_icon][uncode_vertical_text fixed=\u00a0\u00bbyes\u00a0\u00bb vertical_text_h_pos=\u00a0\u00bb3&Prime; text_font=\u00a0\u00bbfont-136269&Prime; text_size=\u00a0\u00bbh5&Prime; text_weight=\u00a0\u00bb700&Prime; uncode_shortcode_id=\u00a0\u00bb190560&Prime;]<span style=\"color: #ff0000;\"><strong>\u2e3b <a style=\"color: #ff0000;\" href=\"https:\/\/mariegonguet.com\/index.php\/contact-mg\/\">let&rsquo;s talk<\/a> \u2e3b<\/strong><\/span>[\/uncode_vertical_text][uncode_vertical_text fixed=\u00a0\u00bbyes\u00a0\u00bb position=\u00a0\u00bbright\u00a0\u00bb vertical_text_h_pos=\u00a0\u00bb-3&Prime; text_font=\u00a0\u00bbfont-136269&Prime; text_size=\u00a0\u00bbh5&Prime; text_weight=\u00a0\u00bb700&Prime; uncode_shortcode_id=\u00a0\u00bb157658&Prime;]<span style=\"color: #ff0000;\"><strong>\u2e3b <a style=\"color: #ff0000;\" href=\"https:\/\/mariegonguet.com\/\">back to work<\/a> \u2e3b<\/strong><\/span>[\/uncode_vertical_text][uncode_vertical_text layout=\u00a0\u00bbhorizontal\u00a0\u00bb fixed=\u00a0\u00bbyes\u00a0\u00bb horizontal_text_v_pos=\u00a0\u00bb3&Prime; text_font=\u00a0\u00bbfont-136269&Prime; text_size=\u00a0\u00bbfontsize-160000&Prime; text_weight=\u00a0\u00bb500&Prime; uncode_shortcode_id=\u00a0\u00bb127995&Prime;]<\/p>\n<p style=\"text-align: center;\"><strong><span style=\"color: #ff0000;\">\u00a9 2024 marie gonguet \u2e3b t<\/span><\/strong><strong><span style=\"color: #ff0000;\">ous droits r\u00e9serv\u00e9s<\/span><\/strong><\/p>\n<p>[\/uncode_vertical_text][\/vc_column_inner][\/vc_row_inner][\/uncode_slider][\/vc_column][\/vc_row]<\/p>\n<\/section>","protected":false},"excerpt":{"rendered":"<p>[vc_row unlock_row_content=\u00a0\u00bbyes\u00a0\u00bb row_height_percent=\u00a0\u00bb100&Prime; override_padding=\u00a0\u00bbyes\u00a0\u00bb h_padding=\u00a0\u00bb7&Prime; top_padding=\u00a0\u00bb7&Prime; bottom_padding=\u00a0\u00bb7&Prime; back_image=\u00a0\u00bb132389&Prime; parallax=\u00a0\u00bbyes\u00a0\u00bb kburns=\u00a0\u00bbyes\u00a0\u00bb overlay_alpha=\u00a0\u00bb0&Prime; gutter_size=\u00a0\u00bb3&Prime; column_width_percent=\u00a0\u00bb50&Prime; shift_y=\u00a0\u00bb0&Prime; z_index=\u00a0\u00bb0&Prime; uncode_shortcode_id=\u00a0\u00bb943059&Prime;][vc_column width=\u00a0\u00bb1\/1&Prime;][uncode_slider][vc_row_inner row_inner_height_percent=\u00a0\u00bb0&Prime; force_width_grid=\u00a0\u00bbyes\u00a0\u00bb overlay_alpha=\u00a0\u00bb0&Prime; [&hellip;]<\/p>\n","protected":false},"author":1,"featured_media":0,"parent":0,"menu_order":0,"comment_status":"closed","ping_status":"closed","template":"","meta":{"footnotes":""},"class_list":["post-132804","page","type-page","status-publish","hentry"],"_links":{"self":[{"href":"https:\/\/mariegonguet.com\/index.php\/wp-json\/wp\/v2\/pages\/132804","targetHints":{"allow":["GET"]}}],"collection":[{"href":"https:\/\/mariegonguet.com\/index.php\/wp-json\/wp\/v2\/pages"}],"about":[{"href":"https:\/\/mariegonguet.com\/index.php\/wp-json\/wp\/v2\/types\/page"}],"author":[{"embeddable":true,"href":"https:\/\/mariegonguet.com\/index.php\/wp-json\/wp\/v2\/users\/1"}],"replies":[{"embeddable":true,"href":"https:\/\/mariegonguet.com\/index.php\/wp-json\/wp\/v2\/comments?post=132804"}],"version-history":[{"count":75,"href":"https:\/\/mariegonguet.com\/index.php\/wp-json\/wp\/v2\/pages\/132804\/revisions"}],"predecessor-version":[{"id":134689,"href":"https:\/\/mariegonguet.com\/index.php\/wp-json\/wp\/v2\/pages\/132804\/revisions\/134689"}],"wp:attachment":[{"href":"https:\/\/mariegonguet.com\/index.php\/wp-json\/wp\/v2\/media?parent=132804"}],"curies":[{"name":"wp","href":"https:\/\/api.w.org\/{rel}","templated":true}]}}